{"id":324,"date":"2014-10-17T22:18:48","date_gmt":"2014-10-17T20:18:48","guid":{"rendered":"http:\/\/www.paracelsusapotheke-kofler.com\/sterzing-vipiteno\/?page_id=324"},"modified":"2024-04-15T14:43:51","modified_gmt":"2024-04-15T12:43:51","slug":"homoeopathische-mittel","status":"publish","type":"page","link":"https:\/\/www.paracelsusapotheke.it\/sterzing-vipiteno\/angebot\/homoeopathische-mittel\/","title":{"rendered":"Hom\u00f6opathische Mittel"},"content":{"rendered":"<div id='full_slider_1'  class='avia-fullwidth-slider main_color avia-shadow   avia-builder-el-0  el_before_av_one_half  avia-builder-el-first   container_wrap sidebar_right'  ><div  class='avia-slideshow av-av_slideshow_full-4f3ef5c0d0c5e5a45e27d5f99336c2be avia-slideshow-featured av_slideshow_full avia-slide-slider av-slideshow-ui av-control-default av-slideshow-manual av-loop-once av-loop-manual-endless av-default-height-applied   avia-slideshow-1' data-slideshow-options=\"{&quot;animation&quot;:&quot;slide&quot;,&quot;autoplay&quot;:false,&quot;loop_autoplay&quot;:&quot;once&quot;,&quot;interval&quot;:5,&quot;loop_manual&quot;:&quot;manual-endless&quot;,&quot;autoplay_stopper&quot;:false,&quot;noNavigation&quot;:false,&quot;bg_slider&quot;:false,&quot;keep_padding&quot;:false,&quot;hoverpause&quot;:false,&quot;show_slide_delay&quot;:0}\"  itemprop=\"image\" itemscope=\"itemscope\" itemtype=\"https:\/\/schema.org\/ImageObject\" ><ul class='avia-slideshow-inner ' style='padding-bottom: 10%;'><li  class='avia-slideshow-slide av-av_slideshow_full-4f3ef5c0d0c5e5a45e27d5f99336c2be__0  av-single-slide slide-1 slide-odd'><div data-rel='slideshow-1' class='avia-slide-wrap '   ><img decoding=\"async\" fetchpriority=\"high\" class=\"wp-image-225 avia-img-lazy-loading-not-225\"  src=\"https:\/\/www.paracelsusapotheke.it\/sterzing-vipiteno\/wp-content\/uploads\/2014\/04\/titelbild-ringelblume.jpg\" width=\"1500\" height=\"150\" title='titelbild-ringelblume' alt=''  itemprop=\"thumbnailUrl\" srcset=\"https:\/\/www.paracelsusapotheke.it\/sterzing-vipiteno\/wp-content\/uploads\/2014\/04\/titelbild-ringelblume.jpg 1500w, https:\/\/www.paracelsusapotheke.it\/sterzing-vipiteno\/wp-content\/uploads\/2014\/04\/titelbild-ringelblume-300x30.jpg 300w, https:\/\/www.paracelsusapotheke.it\/sterzing-vipiteno\/wp-content\/uploads\/2014\/04\/titelbild-ringelblume-1030x103.jpg 1030w, https:\/\/www.paracelsusapotheke.it\/sterzing-vipiteno\/wp-content\/uploads\/2014\/04\/titelbild-ringelblume-705x70.jpg 705w, https:\/\/www.paracelsusapotheke.it\/sterzing-vipiteno\/wp-content\/uploads\/2014\/04\/titelbild-ringelblume-450x45.jpg 450w\" sizes=\"(max-width: 1500px) 100vw, 1500px\" \/><\/div><\/li><\/ul><\/div><\/div><div id='after_full_slider_1'  class='main_color av_default_container_wrap container_wrap sidebar_right'  ><div class='container av-section-cont-open' ><div class='template-page content  av-content-small alpha units'><div class='post-entry post-entry-type-page post-entry-324'><div class='entry-content-wrapper clearfix'>\n<div  class='flex_column av-av_one_half-2a9015ff38129c418a3f2eafba3e9512 av_one_half  avia-builder-el-1  el_after_av_slideshow_full  el_before_av_one_half  avia-builder-el-first  first flex_column_div  '     ><style type=\"text\/css\" data-created_by=\"avia_inline_auto\" id=\"style-css-av-av_gallery-c2f7e88d8ec3f4f6b36863dcef62d8b3\">\n#top .avia-gallery.av-av_gallery-c2f7e88d8ec3f4f6b36863dcef62d8b3 .avia-gallery-thumb a{\nwidth:20%;\n}\n<\/style>\n<div  class='avia-gallery av-av_gallery-c2f7e88d8ec3f4f6b36863dcef62d8b3 avia_animate_when_visible  avia-builder-el-2  avia-builder-el-no-sibling  avia_lazyload av-slideshow-ui av-loop-manual-endless av-control-hidden av-navigate-arrows av-navigate-dots hover-effect av-control-hidden avia-gallery-animate avia-gallery-1'  itemprop=\"image\" itemscope=\"itemscope\" itemtype=\"https:\/\/schema.org\/ImageObject\" ><meta itemprop=\"contentURL\" content=\"https:\/\/www.paracelsusapotheke.it\/sterzing-vipiteno\/angebot\/homoeopathische-mittel\/\"><div class='avia-gallery-big-wrapper'><a class='avia-gallery-big fakeLightbox lightbox avia-gallery-big-crop-thumb ' href=\"https:\/\/www.paracelsusapotheke.it\/sterzing-vipiteno\/wp-content\/uploads\/2024\/04\/Homoeopathie-1030x687.jpg\" data-srcset=\"https:\/\/www.paracelsusapotheke.it\/sterzing-vipiteno\/wp-content\/uploads\/2024\/04\/Homoeopathie-1030x687.jpg 1030w, https:\/\/www.paracelsusapotheke.it\/sterzing-vipiteno\/wp-content\/uploads\/2024\/04\/Homoeopathie-300x200.jpg 300w, https:\/\/www.paracelsusapotheke.it\/sterzing-vipiteno\/wp-content\/uploads\/2024\/04\/Homoeopathie-768x512.jpg 768w, https:\/\/www.paracelsusapotheke.it\/sterzing-vipiteno\/wp-content\/uploads\/2024\/04\/Homoeopathie-705x470.jpg 705w, https:\/\/www.paracelsusapotheke.it\/sterzing-vipiteno\/wp-content\/uploads\/2024\/04\/Homoeopathie-450x300.jpg 450w, https:\/\/www.paracelsusapotheke.it\/sterzing-vipiteno\/wp-content\/uploads\/2024\/04\/Homoeopathie.jpg 1500w\" data-sizes=\"(max-width: 1030px) 100vw, 1030px\"  data-onclick='1' title='Homoeopathie' ><span class='avia-gallery-big-inner'  itemprop=\"thumbnailUrl\" ><img decoding=\"async\" fetchpriority=\"high\" class=\"wp-image-805 avia-img-lazy-loading-not-805\"  width=\"495\" height=\"400\" src=\"https:\/\/www.paracelsusapotheke.it\/sterzing-vipiteno\/wp-content\/uploads\/2024\/04\/Homoeopathie-495x400.jpg\" title='Homoeopathie' alt='' srcset=\"https:\/\/www.paracelsusapotheke.it\/sterzing-vipiteno\/wp-content\/uploads\/2024\/04\/Homoeopathie-495x400.jpg 495w, https:\/\/www.paracelsusapotheke.it\/sterzing-vipiteno\/wp-content\/uploads\/2024\/04\/Homoeopathie-845x684.jpg 845w\" sizes=\"(max-width: 495px) 100vw, 495px\" \/><\/span><\/a><\/div><div class='avia-gallery-thumb'><a href=\"https:\/\/www.paracelsusapotheke.it\/sterzing-vipiteno\/wp-content\/uploads\/2024\/04\/Homoeopathie-1030x687.jpg\" data-srcset=\"https:\/\/www.paracelsusapotheke.it\/sterzing-vipiteno\/wp-content\/uploads\/2024\/04\/Homoeopathie-1030x687.jpg 1030w, https:\/\/www.paracelsusapotheke.it\/sterzing-vipiteno\/wp-content\/uploads\/2024\/04\/Homoeopathie-300x200.jpg 300w, https:\/\/www.paracelsusapotheke.it\/sterzing-vipiteno\/wp-content\/uploads\/2024\/04\/Homoeopathie-768x512.jpg 768w, https:\/\/www.paracelsusapotheke.it\/sterzing-vipiteno\/wp-content\/uploads\/2024\/04\/Homoeopathie-705x470.jpg 705w, https:\/\/www.paracelsusapotheke.it\/sterzing-vipiteno\/wp-content\/uploads\/2024\/04\/Homoeopathie-450x300.jpg 450w, https:\/\/www.paracelsusapotheke.it\/sterzing-vipiteno\/wp-content\/uploads\/2024\/04\/Homoeopathie.jpg 1500w\" data-sizes=\"(max-width: 1030px) 100vw, 1030px\" data-rel='gallery-1' data-prev-img='https:\/\/www.paracelsusapotheke.it\/sterzing-vipiteno\/wp-content\/uploads\/2024\/04\/Homoeopathie-495x400.jpg' class='first_thumb lightbox ' data-onclick='1' title='Homoeopathie'  itemprop=\"thumbnailUrl\"  ><img decoding=\"async\" fetchpriority=\"high\" class=\"wp-image-805 avia-img-lazy-loading-not-805\"   src=\"https:\/\/www.paracelsusapotheke.it\/sterzing-vipiteno\/wp-content\/uploads\/2024\/04\/Homoeopathie-495x400.jpg\" width=\"495\" height=\"400\"  title='Homoeopathie' alt='' srcset=\"https:\/\/www.paracelsusapotheke.it\/sterzing-vipiteno\/wp-content\/uploads\/2024\/04\/Homoeopathie-495x400.jpg 495w, https:\/\/www.paracelsusapotheke.it\/sterzing-vipiteno\/wp-content\/uploads\/2024\/04\/Homoeopathie-845x684.jpg 845w\" sizes=\"(max-width: 495px) 100vw, 495px\" \/><div class='big-prev-fake'><img decoding=\"async\" loading=\"lazy\" class=\"wp-image-805 avia-img-lazy-loading-805\"  width=\"495\" height=\"400\" src=\"https:\/\/www.paracelsusapotheke.it\/sterzing-vipiteno\/wp-content\/uploads\/2024\/04\/Homoeopathie-495x400.jpg\" title='Homoeopathie' alt='' srcset=\"https:\/\/www.paracelsusapotheke.it\/sterzing-vipiteno\/wp-content\/uploads\/2024\/04\/Homoeopathie-495x400.jpg 495w, https:\/\/www.paracelsusapotheke.it\/sterzing-vipiteno\/wp-content\/uploads\/2024\/04\/Homoeopathie-845x684.jpg 845w\" sizes=\"auto, (max-width: 495px) 100vw, 495px\" \/><\/div><\/a><\/div><\/div><\/div><div  class='flex_column av-av_one_half-1c47c10d9dd6b9bc0b68f292c1cf5942 av_one_half  avia-builder-el-3  el_after_av_one_half  avia-builder-el-last  flex_column_div  '     ><p>\n<style type=\"text\/css\" data-created_by=\"avia_inline_auto\" id=\"style-css-av-av_heading-1dbc969f6fa5b349a86eb24d4319d997\">\n#top .av-special-heading.av-av_heading-1dbc969f6fa5b349a86eb24d4319d997{\npadding-bottom:10px;\n}\nbody .av-special-heading.av-av_heading-1dbc969f6fa5b349a86eb24d4319d997 .av-special-heading-tag .heading-char{\nfont-size:25px;\n}\n.av-special-heading.av-av_heading-1dbc969f6fa5b349a86eb24d4319d997 .av-subheading{\nfont-size:15px;\n}\n<\/style>\n<div  class='av-special-heading av-av_heading-1dbc969f6fa5b349a86eb24d4319d997 av-special-heading-h2 blockquote modern-quote  avia-builder-el-4  el_before_av_textblock  avia-builder-el-first '><h2 class='av-special-heading-tag '  itemprop=\"headline\"  >Hom\u00f6opathie<\/h2><div class=\"special-heading-border\"><div class=\"special-heading-inner-border\"><\/div><\/div><\/div><br \/>\n<section  class='av_textblock_section av-av_textblock-0366cc7376be6c9e82a3e9cc8987b64f '   itemscope=\"itemscope\" itemtype=\"https:\/\/schema.org\/CreativeWork\" ><div class='avia_textblock'  itemprop=\"text\" ><p><strong>Hom\u00f6opathische Mittel sind hilfreich bei vielen Erkrankungen<\/strong><\/p>\n<p>Der Begriff \u201cHom\u00f6opathie\u201d stammt aus dem Griechischen ( \u201c\u00e4hnliches Leiden\u201c) und wurde von Samuel Hahnemann (1755 \u2013 1833) begr\u00fcndet. Vereinfacht erkl\u00e4rt wird in der Hom\u00f6opathie eine Erkrankung mit einer kleinen Menge eines Naturstoffes behandelt der wenn er gesunden Menschen in gr\u00f6\u00dferer Dosis verabreicht w\u00fcrde, zu \u00e4hnlichen Symptomen f\u00fchrt, wie sie f\u00fcr eine bestimmte Erkrankung charakteristisch sind.<\/p>\n<p>So z.B. w\u00fcrde die Einnahme gr\u00f6\u00dferer Mengen des Naturstoffes aus dem wilden Jasmin zu typischen Grippesymptomen f\u00fchren. Somit ist nachvollziehbar, dass das Extrakt des wilden Jasmin entweder allein oder als wichtiger Bestandteil in hom\u00f6opathischen Grippemitteln verwendet wird. Diese \u201c\u00c4hnlichkeitsregel\u201d (lat. Similia similibus curentur) ist eines der drei Grundprinzipien der Hom\u00f6opathie.<\/p>\n<p>Im Bereich der Hom\u00f6opathie haben wir eine jahrzehntelange Erfahrung und aufgrund zahlreicher Fortbildungen im In- und Ausland fundiertes Wissen aufgebaut.<\/p>\n<\/div><\/section><\/p><\/div><\/p>\n","protected":false},"excerpt":{"rendered":"","protected":false},"author":1,"featured_media":805,"parent":18,"menu_order":2,"comment_status":"open","ping_status":"open","template":"","meta":{"footnotes":""},"class_list":["post-324","page","type-page","status-publish","has-post-thumbnail","hentry"],"jetpack_sharing_enabled":true,"_links":{"self":[{"href":"https:\/\/www.paracelsusapotheke.it\/sterzing-vipiteno\/wp-json\/wp\/v2\/pages\/324","targetHints":{"allow":["GET"]}}],"collection":[{"href":"https:\/\/www.paracelsusapotheke.it\/sterzing-vipiteno\/wp-json\/wp\/v2\/pages"}],"about":[{"href":"https:\/\/www.paracelsusapotheke.it\/sterzing-vipiteno\/wp-json\/wp\/v2\/types\/page"}],"author":[{"embeddable":true,"href":"https:\/\/www.paracelsusapotheke.it\/sterzing-vipiteno\/wp-json\/wp\/v2\/users\/1"}],"replies":[{"embeddable":true,"href":"https:\/\/www.paracelsusapotheke.it\/sterzing-vipiteno\/wp-json\/wp\/v2\/comments?post=324"}],"version-history":[{"count":3,"href":"https:\/\/www.paracelsusapotheke.it\/sterzing-vipiteno\/wp-json\/wp\/v2\/pages\/324\/revisions"}],"predecessor-version":[{"id":807,"href":"https:\/\/www.paracelsusapotheke.it\/sterzing-vipiteno\/wp-json\/wp\/v2\/pages\/324\/revisions\/807"}],"up":[{"embeddable":true,"href":"https:\/\/www.paracelsusapotheke.it\/sterzing-vipiteno\/wp-json\/wp\/v2\/pages\/18"}],"wp:featuredmedia":[{"embeddable":true,"href":"https:\/\/www.paracelsusapotheke.it\/sterzing-vipiteno\/wp-json\/wp\/v2\/media\/805"}],"wp:attachment":[{"href":"https:\/\/www.paracelsusapotheke.it\/sterzing-vipiteno\/wp-json\/wp\/v2\/media?parent=324"}],"curies":[{"name":"wp","href":"https:\/\/api.w.org\/{rel}","templated":true}]}}