{"id":53,"date":"2014-04-04T18:50:56","date_gmt":"2014-04-04T16:50:56","guid":{"rendered":"http:\/\/www.paracelsusapotheke-kofler.com\/sterzing-vipiteno\/?page_id=53"},"modified":"2014-10-17T21:20:48","modified_gmt":"2014-10-17T19:20:48","slug":"deraeskulap-stab","status":"publish","type":"page","link":"https:\/\/www.paracelsusapotheke.it\/sterzing-vipiteno\/deraeskulap-stab\/","title":{"rendered":"Der \u00c4skulap-Stab"},"content":{"rendered":"<div id='full_slider_1'  class='avia-fullwidth-slider main_color avia-shadow   avia-builder-el-0  el_before_av_notification  avia-builder-el-first   container_wrap sidebar_right'  ><div  class='avia-slideshow av-av_slideshow_full-4f3ef5c0d0c5e5a45e27d5f99336c2be avia-slideshow-featured av_slideshow_full avia-slide-slider av-slideshow-ui av-control-default av-slideshow-manual av-loop-once av-loop-manual-endless av-default-height-applied   avia-slideshow-1' data-slideshow-options=\"{&quot;animation&quot;:&quot;slide&quot;,&quot;autoplay&quot;:false,&quot;loop_autoplay&quot;:&quot;once&quot;,&quot;interval&quot;:5,&quot;loop_manual&quot;:&quot;manual-endless&quot;,&quot;autoplay_stopper&quot;:false,&quot;noNavigation&quot;:false,&quot;bg_slider&quot;:false,&quot;keep_padding&quot;:false,&quot;hoverpause&quot;:false,&quot;show_slide_delay&quot;:0}\"  itemprop=\"image\" itemscope=\"itemscope\" itemtype=\"https:\/\/schema.org\/ImageObject\" ><ul class='avia-slideshow-inner ' style='padding-bottom: 10%;'><li  class='avia-slideshow-slide av-av_slideshow_full-4f3ef5c0d0c5e5a45e27d5f99336c2be__0  av-single-slide slide-1 slide-odd'><div data-rel='slideshow-1' class='avia-slide-wrap '   ><img decoding=\"async\" fetchpriority=\"high\" class=\"wp-image-271 avia-img-lazy-loading-not-271\"  src=\"https:\/\/www.paracelsusapotheke.it\/sterzing-vipiteno\/wp-content\/uploads\/2014\/04\/schmal-aeskulabstab.jpg\" width=\"1500\" height=\"150\" title='schmal-aeskulabstab' alt=''  itemprop=\"thumbnailUrl\" srcset=\"https:\/\/www.paracelsusapotheke.it\/sterzing-vipiteno\/wp-content\/uploads\/2014\/04\/schmal-aeskulabstab.jpg 1500w, https:\/\/www.paracelsusapotheke.it\/sterzing-vipiteno\/wp-content\/uploads\/2014\/04\/schmal-aeskulabstab-300x30.jpg 300w, https:\/\/www.paracelsusapotheke.it\/sterzing-vipiteno\/wp-content\/uploads\/2014\/04\/schmal-aeskulabstab-1030x103.jpg 1030w, https:\/\/www.paracelsusapotheke.it\/sterzing-vipiteno\/wp-content\/uploads\/2014\/04\/schmal-aeskulabstab-705x70.jpg 705w, https:\/\/www.paracelsusapotheke.it\/sterzing-vipiteno\/wp-content\/uploads\/2014\/04\/schmal-aeskulabstab-450x45.jpg 450w\" sizes=\"(max-width: 1500px) 100vw, 1500px\" \/><\/div><\/li><\/ul><\/div><\/div><div id='after_full_slider_1'  class='main_color av_default_container_wrap container_wrap sidebar_right'  ><div class='container av-section-cont-open' ><div class='template-page content  av-content-small alpha units'><div class='post-entry post-entry-type-page post-entry-53'><div class='entry-content-wrapper clearfix'>\n<div id='avia-messagebox-' class='avia_message_box av_notification av-av_notification-8bf4410d77a9081735a61b580eaba10f avia-color-grey avia-size-large avia-icon_select-no avia-border-  avia-builder-el-1  el_after_av_slideshow_full  el_before_av_heading  avia-builder-el-first ' ><span class='avia_message_box_title' >Info<\/span><div class=\"avia_message_box_content\"><p>\u00c4skulap,<br \/>\ngriechisch Asklepios, lateinisch Aesculapius, der griechische Heilgott<\/p>\n<\/div><\/div>\n\n<style type=\"text\/css\" data-created_by=\"avia_inline_auto\" id=\"style-css-av-av_heading-10fd3fef751737cd045a5db74334e1ef\">\n#top .av-special-heading.av-av_heading-10fd3fef751737cd045a5db74334e1ef{\npadding-bottom:10px;\n}\nbody .av-special-heading.av-av_heading-10fd3fef751737cd045a5db74334e1ef .av-special-heading-tag .heading-char{\nfont-size:25px;\n}\n.av-special-heading.av-av_heading-10fd3fef751737cd045a5db74334e1ef .av-subheading{\nfont-size:15px;\n}\n<\/style>\n<div  class='av-special-heading av-av_heading-10fd3fef751737cd045a5db74334e1ef av-special-heading-h3  avia-builder-el-2  el_after_av_notification  el_before_av_one_half '><h3 class='av-special-heading-tag '  itemprop=\"headline\"  >Bedeutung<\/h3><div class=\"special-heading-border\"><div class=\"special-heading-inner-border\"><\/div><\/div><\/div>\n<div  class='flex_column av-av_one_half-2a9015ff38129c418a3f2eafba3e9512 av_one_half  avia-builder-el-3  el_after_av_heading  el_before_av_one_half  first flex_column_div  '     ><section  class='av_textblock_section av-av_textblock-0366cc7376be6c9e82a3e9cc8987b64f '   itemscope=\"itemscope\" itemtype=\"https:\/\/schema.org\/CreativeWork\" ><div class='avia_textblock'  itemprop=\"text\" ><p>Urspr\u00fcnglich wohl thessalischer Erdd\u00e4mon, galt als Sohn des Apoll und der Koronis, als seine Tochter (oder Gemahlin) galt die G\u00f6ttin Hygieia, anl\u00e4sslich einer Seuche in Rom 293 v. Chr. wurde der Kult des \u00c4skulap auch dort eingef\u00fchrt. Das ber\u00fchmteste seiner Heiligt\u00fcmer (Asklepieion) stand in Epidauros.<br \/>\nAbzeichen des \u00c4skulap ist die \u00c4skulapschlange oder der schlangenumwundene \u00c4skulapstab (Zeichen des \u00e4rztlichen Standes).<br \/>\n(c) Bibliographisches Institut &amp; F. A. Brockhaus AG, 2008<\/p>\n<p><strong>Nach alten \u00dcberlieferungen symbolisiert der Stab die menschliche Wirbels\u00e4ule und ihre speziellen Aufgaben im Menschen.<\/strong><\/p>\n<\/div><\/section><\/div><div  class='flex_column av-av_one_half-1c47c10d9dd6b9bc0b68f292c1cf5942 av_one_half  avia-builder-el-5  el_after_av_one_half  avia-builder-el-last  flex_column_div  '     ><style type=\"text\/css\" data-created_by=\"avia_inline_auto\" id=\"style-css-av-av_image-ba166af50a18838f8e56b3caba25693a\">\n.avia-image-container.av-av_image-ba166af50a18838f8e56b3caba25693a img.avia_image{\nbox-shadow:none;\n}\n.avia-image-container.av-av_image-ba166af50a18838f8e56b3caba25693a .av-image-caption-overlay-center{\ncolor:#ffffff;\n}\n<\/style>\n<div  class='avia-image-container av-av_image-ba166af50a18838f8e56b3caba25693a av-styling- avia-align-center  avia-builder-el-6  avia-builder-el-no-sibling '   itemprop=\"image\" itemscope=\"itemscope\" itemtype=\"https:\/\/schema.org\/ImageObject\" ><div class=\"avia-image-container-inner\"><div class=\"avia-image-overlay-wrap\"><img decoding=\"async\" fetchpriority=\"high\" class='wp-image-58 avia-img-lazy-loading-not-58 avia_image ' src=\"https:\/\/www.paracelsusapotheke.it\/sterzing-vipiteno\/wp-content\/uploads\/2014\/04\/aeskulap_stab.jpg\" alt='' title='\u00c4skulap Stab'  height=\"440\" width=\"660\"  itemprop=\"thumbnailUrl\" srcset=\"https:\/\/www.paracelsusapotheke.it\/sterzing-vipiteno\/wp-content\/uploads\/2014\/04\/aeskulap_stab.jpg 660w, https:\/\/www.paracelsusapotheke.it\/sterzing-vipiteno\/wp-content\/uploads\/2014\/04\/aeskulap_stab-300x200.jpg 300w\" sizes=\"(max-width: 660px) 100vw, 660px\" \/><\/div><\/div><\/div><\/div><\/p>\n","protected":false},"excerpt":{"rendered":"","protected":false},"author":1,"featured_media":0,"parent":0,"menu_order":0,"comment_status":"open","ping_status":"open","template":"","meta":{"footnotes":""},"class_list":["post-53","page","type-page","status-publish","hentry"],"jetpack_sharing_enabled":true,"_links":{"self":[{"href":"https:\/\/www.paracelsusapotheke.it\/sterzing-vipiteno\/wp-json\/wp\/v2\/pages\/53","targetHints":{"allow":["GET"]}}],"collection":[{"href":"https:\/\/www.paracelsusapotheke.it\/sterzing-vipiteno\/wp-json\/wp\/v2\/pages"}],"about":[{"href":"https:\/\/www.paracelsusapotheke.it\/sterzing-vipiteno\/wp-json\/wp\/v2\/types\/page"}],"author":[{"embeddable":true,"href":"https:\/\/www.paracelsusapotheke.it\/sterzing-vipiteno\/wp-json\/wp\/v2\/users\/1"}],"replies":[{"embeddable":true,"href":"https:\/\/www.paracelsusapotheke.it\/sterzing-vipiteno\/wp-json\/wp\/v2\/comments?post=53"}],"version-history":[{"count":11,"href":"https:\/\/www.paracelsusapotheke.it\/sterzing-vipiteno\/wp-json\/wp\/v2\/pages\/53\/revisions"}],"predecessor-version":[{"id":1213,"href":"https:\/\/www.paracelsusapotheke.it\/sterzing-vipiteno\/wp-json\/wp\/v2\/pages\/53\/revisions\/1213"}],"wp:attachment":[{"href":"https:\/\/www.paracelsusapotheke.it\/sterzing-vipiteno\/wp-json\/wp\/v2\/media?parent=53"}],"curies":[{"name":"wp","href":"https:\/\/api.w.org\/{rel}","templated":true}]}}