{"id":871,"date":"2019-04-10T19:24:19","date_gmt":"2019-04-10T17:24:19","guid":{"rendered":"http:\/\/www.paracelsusapotheke.it\/sterzing-vipiteno\/?page_id=871"},"modified":"2024-04-10T19:30:19","modified_gmt":"2024-04-10T17:30:19","slug":"weitere-produkte","status":"publish","type":"page","link":"https:\/\/www.paracelsusapotheke.it\/sterzing-vipiteno\/angebot\/weitere-produkte\/","title":{"rendered":"Weitere Produkte"},"content":{"rendered":"<div id='full_slider_1'  class='avia-fullwidth-slider main_color avia-shadow   avia-builder-el-0  el_before_av_textblock  avia-builder-el-first   container_wrap sidebar_right'  ><div  class='avia-slideshow av-av_slideshow_full-4f3ef5c0d0c5e5a45e27d5f99336c2be avia-slideshow-featured av_slideshow_full avia-slide-slider av-slideshow-ui av-control-default av-slideshow-manual av-loop-once av-loop-manual-endless av-default-height-applied   avia-slideshow-1' data-slideshow-options=\"{&quot;animation&quot;:&quot;slide&quot;,&quot;autoplay&quot;:false,&quot;loop_autoplay&quot;:&quot;once&quot;,&quot;interval&quot;:5,&quot;loop_manual&quot;:&quot;manual-endless&quot;,&quot;autoplay_stopper&quot;:false,&quot;noNavigation&quot;:false,&quot;bg_slider&quot;:false,&quot;keep_padding&quot;:false,&quot;hoverpause&quot;:false,&quot;show_slide_delay&quot;:0}\"  itemprop=\"image\" itemscope=\"itemscope\" itemtype=\"https:\/\/schema.org\/ImageObject\" ><ul class='avia-slideshow-inner ' style='padding-bottom: 10%;'><li  class='avia-slideshow-slide av-av_slideshow_full-4f3ef5c0d0c5e5a45e27d5f99336c2be__0  av-single-slide slide-1 slide-odd'><div data-rel='slideshow-1' class='avia-slide-wrap '   ><img decoding=\"async\" fetchpriority=\"high\" class=\"wp-image-225 avia-img-lazy-loading-not-225\"  src=\"https:\/\/www.paracelsusapotheke.it\/sterzing-vipiteno\/wp-content\/uploads\/2014\/04\/titelbild-ringelblume.jpg\" width=\"1500\" height=\"150\" title='titelbild-ringelblume' alt=''  itemprop=\"thumbnailUrl\" srcset=\"https:\/\/www.paracelsusapotheke.it\/sterzing-vipiteno\/wp-content\/uploads\/2014\/04\/titelbild-ringelblume.jpg 1500w, https:\/\/www.paracelsusapotheke.it\/sterzing-vipiteno\/wp-content\/uploads\/2014\/04\/titelbild-ringelblume-300x30.jpg 300w, https:\/\/www.paracelsusapotheke.it\/sterzing-vipiteno\/wp-content\/uploads\/2014\/04\/titelbild-ringelblume-1030x103.jpg 1030w, https:\/\/www.paracelsusapotheke.it\/sterzing-vipiteno\/wp-content\/uploads\/2014\/04\/titelbild-ringelblume-705x70.jpg 705w, https:\/\/www.paracelsusapotheke.it\/sterzing-vipiteno\/wp-content\/uploads\/2014\/04\/titelbild-ringelblume-450x45.jpg 450w\" sizes=\"(max-width: 1500px) 100vw, 1500px\" \/><\/div><\/li><\/ul><\/div><\/div><div id='after_full_slider_1'  class='main_color av_default_container_wrap container_wrap sidebar_right'  ><div class='container av-section-cont-open' ><div class='template-page content  av-content-small alpha units'><div class='post-entry post-entry-type-page post-entry-871'><div class='entry-content-wrapper clearfix'>\n<section  class='av_textblock_section av-av_textblock-0366cc7376be6c9e82a3e9cc8987b64f '   itemscope=\"itemscope\" itemtype=\"https:\/\/schema.org\/CreativeWork\" ><div class='avia_textblock'  itemprop=\"text\" ><\/div><\/section>\n<div  class='flex_column av-av_one_half-2a9015ff38129c418a3f2eafba3e9512 av_one_half  avia-builder-el-2  el_after_av_textblock  el_before_av_one_half  first flex_column_div  column-top-margin'     ><style type=\"text\/css\" data-created_by=\"avia_inline_auto\" id=\"style-css-av-av_image-efbff4cc15865423f61a9f3835f2156f\">\n.avia-image-container.av-av_image-efbff4cc15865423f61a9f3835f2156f img.avia_image{\nbox-shadow:none;\n}\n.avia-image-container.av-av_image-efbff4cc15865423f61a9f3835f2156f .av-image-caption-overlay-center{\ncolor:#ffffff;\n}\n<\/style>\n<div  class='avia-image-container av-av_image-efbff4cc15865423f61a9f3835f2156f av-styling- av-img-linked avia_animated_image av-animated-when-visible-95 pop-up avia-align-left  avia-builder-el-3  avia-builder-el-no-sibling '   itemprop=\"image\" itemscope=\"itemscope\" itemtype=\"https:\/\/schema.org\/ImageObject\" ><div class=\"avia-image-container-inner\"><div class=\"avia-image-overlay-wrap\"><a href=\"https:\/\/www.paracelsusapotheke.it\/sterzing-vipiteno\/wp-content\/uploads\/2024\/04\/babyprodukte-aportheke-1030x687.jpg\" data-srcset=\"https:\/\/www.paracelsusapotheke.it\/sterzing-vipiteno\/wp-content\/uploads\/2024\/04\/babyprodukte-aportheke-1030x687.jpg 1030w, https:\/\/www.paracelsusapotheke.it\/sterzing-vipiteno\/wp-content\/uploads\/2024\/04\/babyprodukte-aportheke-300x200.jpg 300w, https:\/\/www.paracelsusapotheke.it\/sterzing-vipiteno\/wp-content\/uploads\/2024\/04\/babyprodukte-aportheke-768x512.jpg 768w, https:\/\/www.paracelsusapotheke.it\/sterzing-vipiteno\/wp-content\/uploads\/2024\/04\/babyprodukte-aportheke-705x470.jpg 705w, https:\/\/www.paracelsusapotheke.it\/sterzing-vipiteno\/wp-content\/uploads\/2024\/04\/babyprodukte-aportheke-450x300.jpg 450w, https:\/\/www.paracelsusapotheke.it\/sterzing-vipiteno\/wp-content\/uploads\/2024\/04\/babyprodukte-aportheke.jpg 1500w\" data-sizes=\"(max-width: 1030px) 100vw, 1030px\" class='avia_image '  aria-label='Weiteres'><img decoding=\"async\" fetchpriority=\"high\" class='wp-image-873 avia-img-lazy-loading-not-873 avia_image ' src=\"https:\/\/www.paracelsusapotheke.it\/sterzing-vipiteno\/wp-content\/uploads\/2024\/04\/babyprodukte-aportheke.jpg\" alt='Weiteres' title='Weiteres'  height=\"1000\" width=\"1500\"  itemprop=\"thumbnailUrl\" srcset=\"https:\/\/www.paracelsusapotheke.it\/sterzing-vipiteno\/wp-content\/uploads\/2024\/04\/babyprodukte-aportheke.jpg 1500w, https:\/\/www.paracelsusapotheke.it\/sterzing-vipiteno\/wp-content\/uploads\/2024\/04\/babyprodukte-aportheke-300x200.jpg 300w, https:\/\/www.paracelsusapotheke.it\/sterzing-vipiteno\/wp-content\/uploads\/2024\/04\/babyprodukte-aportheke-1030x687.jpg 1030w, https:\/\/www.paracelsusapotheke.it\/sterzing-vipiteno\/wp-content\/uploads\/2024\/04\/babyprodukte-aportheke-768x512.jpg 768w, https:\/\/www.paracelsusapotheke.it\/sterzing-vipiteno\/wp-content\/uploads\/2024\/04\/babyprodukte-aportheke-705x470.jpg 705w, https:\/\/www.paracelsusapotheke.it\/sterzing-vipiteno\/wp-content\/uploads\/2024\/04\/babyprodukte-aportheke-450x300.jpg 450w\" sizes=\"(max-width: 1500px) 100vw, 1500px\" \/><\/a><\/div><\/div><\/div><\/div>\n<div  class='flex_column av-av_one_half-1c47c10d9dd6b9bc0b68f292c1cf5942 av_one_half  avia-builder-el-4  el_after_av_one_half  avia-builder-el-last  flex_column_div  column-top-margin'     ><p>\n<style type=\"text\/css\" data-created_by=\"avia_inline_auto\" id=\"style-css-av-av_heading-1d77d52ee43263e10a3c0d6cd4991411\">\n#top .av-special-heading.av-av_heading-1d77d52ee43263e10a3c0d6cd4991411{\npadding-bottom:10px;\n}\nbody .av-special-heading.av-av_heading-1d77d52ee43263e10a3c0d6cd4991411 .av-special-heading-tag .heading-char{\nfont-size:25px;\n}\n.av-special-heading.av-av_heading-1d77d52ee43263e10a3c0d6cd4991411 .av-subheading{\nfont-size:15px;\n}\n<\/style>\n<div  class='av-special-heading av-av_heading-1d77d52ee43263e10a3c0d6cd4991411 av-special-heading-h2 blockquote modern-quote  avia-builder-el-5  el_before_av_textblock  avia-builder-el-first '><h2 class='av-special-heading-tag '  itemprop=\"headline\"  >Weiteres<\/h2><div class=\"special-heading-border\"><div class=\"special-heading-inner-border\"><\/div><\/div><\/div><br \/>\n<section  class='av_textblock_section av-av_textblock-0366cc7376be6c9e82a3e9cc8987b64f '   itemscope=\"itemscope\" itemtype=\"https:\/\/schema.org\/CreativeWork\" ><div class='avia_textblock'  itemprop=\"text\" ><section class=\"av_textblock_section\">\n<div class=\"avia_textblock \">\n<ul>\n<li><strong>Babyartikel<\/strong>: Wir f\u00fchren eine gro\u00dfe Auswahl an verschiedenen Produkten f\u00fcr Babys. Unter anderen die Firmen MAM und Avent<\/li>\n<li><strong>Di\u00e4tmittel<\/strong>: Bei uns erhalten Sie verschiedene Nahrungsmittel f\u00fcr Z\u00f6liakiepazienten und f\u00fcr Diabetiker.<\/li>\n<li><strong>Sanit\u00e4re Hilfsmittel<\/strong>: Bei uns bekommen Sie verschiedene Hilfsmittel f\u00fcr pflegebed\u00fcrftige Menschen, wie z.B. Windeln, Betteinlagen\u2026 sowie Rollst\u00fchle und Betten auf Bestellung.<\/li>\n<\/ul>\n<\/div>\n<\/section>\n<\/div><\/section><\/p><\/div>\n","protected":false},"excerpt":{"rendered":"","protected":false},"author":1,"featured_media":0,"parent":18,"menu_order":1,"comment_status":"open","ping_status":"closed","template":"","meta":{"footnotes":""},"class_list":["post-871","page","type-page","status-publish","hentry"],"jetpack_sharing_enabled":true,"_links":{"self":[{"href":"https:\/\/www.paracelsusapotheke.it\/sterzing-vipiteno\/wp-json\/wp\/v2\/pages\/871","targetHints":{"allow":["GET"]}}],"collection":[{"href":"https:\/\/www.paracelsusapotheke.it\/sterzing-vipiteno\/wp-json\/wp\/v2\/pages"}],"about":[{"href":"https:\/\/www.paracelsusapotheke.it\/sterzing-vipiteno\/wp-json\/wp\/v2\/types\/page"}],"author":[{"embeddable":true,"href":"https:\/\/www.paracelsusapotheke.it\/sterzing-vipiteno\/wp-json\/wp\/v2\/users\/1"}],"replies":[{"embeddable":true,"href":"https:\/\/www.paracelsusapotheke.it\/sterzing-vipiteno\/wp-json\/wp\/v2\/comments?post=871"}],"version-history":[{"count":6,"href":"https:\/\/www.paracelsusapotheke.it\/sterzing-vipiteno\/wp-json\/wp\/v2\/pages\/871\/revisions"}],"predecessor-version":[{"id":879,"href":"https:\/\/www.paracelsusapotheke.it\/sterzing-vipiteno\/wp-json\/wp\/v2\/pages\/871\/revisions\/879"}],"up":[{"embeddable":true,"href":"https:\/\/www.paracelsusapotheke.it\/sterzing-vipiteno\/wp-json\/wp\/v2\/pages\/18"}],"wp:attachment":[{"href":"https:\/\/www.paracelsusapotheke.it\/sterzing-vipiteno\/wp-json\/wp\/v2\/media?parent=871"}],"curies":[{"name":"wp","href":"https:\/\/api.w.org\/{rel}","templated":true}]}}